{"id":334,"date":"2024-11-28T01:58:16","date_gmt":"2024-11-28T00:58:16","guid":{"rendered":"https:\/\/melodicmaven-staging.epikx.fr\/?page_id=334"},"modified":"2025-03-06T12:43:30","modified_gmt":"2025-03-06T11:43:30","slug":"service","status":"publish","type":"page","link":"https:\/\/sill-lighting.com\/en\/service\/","title":{"rendered":"Downloads"},"content":{"rendered":"","protected":false},"excerpt":{"rendered":"","protected":false},"author":1,"featured_media":336,"parent":0,"menu_order":0,"comment_status":"closed","ping_status":"closed","template":"","meta":{"_acf_changed":false,"footnotes":""},"class_list":["post-334","page","type-page","status-publish","has-post-thumbnail","hentry"],"acf":[],"yoast_head":"<!-- This site is optimized with the Yoast SEO plugin v24.9 - https:\/\/yoast.com\/wordpress\/plugins\/seo\/ -->\n<title>Download der Brosch\u00fcren | Sill Lighting<\/title>\n<meta name=\"description\" content=\"Entdecken Sie hochwertige Designleuchten und innovative LED-L\u00f6sungen von SILL Lighting. Finden Sie ma\u00dfgeschneiderte Lichtl\u00f6sungen f\u00fcr verschiedene Anwendungen und inspirieren Sie sich von erstklassigen Beleuchtungskonzepten.\" \/>\n<meta name=\"robots\" content=\"index, follow, max-snippet:-1, max-image-preview:large, max-video-preview:-1\" \/>\n<link rel=\"canonical\" href=\"https:\/\/sill-lighting.com\/en\/service\/\" \/>\n<meta property=\"og:locale\" content=\"en_GB\" \/>\n<meta property=\"og:type\" content=\"article\" \/>\n<meta property=\"og:title\" content=\"Download der Brosch\u00fcren | Sill Lighting\" \/>\n<meta property=\"og:description\" content=\"Entdecken Sie hochwertige Designleuchten und innovative LED-L\u00f6sungen von SILL Lighting. Finden Sie ma\u00dfgeschneiderte Lichtl\u00f6sungen f\u00fcr verschiedene Anwendungen und inspirieren Sie sich von erstklassigen Beleuchtungskonzepten.\" \/>\n<meta property=\"og:url\" content=\"https:\/\/sill-lighting.com\/en\/service\/\" \/>\n<meta property=\"og:site_name\" content=\"Sill Lighting\" \/>\n<meta property=\"article:modified_time\" content=\"2025-03-06T11:43:30+00:00\" \/>\n<meta property=\"og:image\" content=\"https:\/\/sill-lighting.com\/wp-content\/uploads\/2024\/11\/Teaser_Sill_Servicebereich.jpg\" \/>\n\t<meta property=\"og:image:width\" content=\"1920\" \/>\n\t<meta property=\"og:image:height\" content=\"577\" \/>\n\t<meta property=\"og:image:type\" content=\"image\/jpeg\" \/>\n<meta name=\"twitter:card\" content=\"summary_large_image\" \/>\n<meta name=\"twitter:label1\" content=\"Estimated reading time\" \/>\n\t<meta name=\"twitter:data1\" content=\"1 minute\" \/>\n<script type=\"application\/ld+json\" class=\"yoast-schema-graph\">{\"@context\":\"https:\/\/schema.org\",\"@graph\":[{\"@type\":\"WebPage\",\"@id\":\"https:\/\/sill-lighting.com\/en\/service\/\",\"url\":\"https:\/\/sill-lighting.com\/en\/service\/\",\"name\":\"Download der Brosch\u00fcren | Sill Lighting\",\"isPartOf\":{\"@id\":\"https:\/\/sill-lighting.com\/#website\"},\"primaryImageOfPage\":{\"@id\":\"https:\/\/sill-lighting.com\/en\/service\/#primaryimage\"},\"image\":{\"@id\":\"https:\/\/sill-lighting.com\/en\/service\/#primaryimage\"},\"thumbnailUrl\":\"https:\/\/sill-lighting.com\/wp-content\/uploads\/2024\/11\/Teaser_Sill_Servicebereich.jpg\",\"datePublished\":\"2024-11-28T00:58:16+00:00\",\"dateModified\":\"2025-03-06T11:43:30+00:00\",\"description\":\"Entdecken Sie hochwertige Designleuchten und innovative LED-L\u00f6sungen von SILL Lighting. Finden Sie ma\u00dfgeschneiderte Lichtl\u00f6sungen f\u00fcr verschiedene Anwendungen und inspirieren Sie sich von erstklassigen Beleuchtungskonzepten.\",\"breadcrumb\":{\"@id\":\"https:\/\/sill-lighting.com\/en\/service\/#breadcrumb\"},\"inLanguage\":\"en-GB\",\"potentialAction\":[{\"@type\":\"ReadAction\",\"target\":[\"https:\/\/sill-lighting.com\/en\/service\/\"]}]},{\"@type\":\"ImageObject\",\"inLanguage\":\"en-GB\",\"@id\":\"https:\/\/sill-lighting.com\/en\/service\/#primaryimage\",\"url\":\"https:\/\/sill-lighting.com\/wp-content\/uploads\/2024\/11\/Teaser_Sill_Servicebereich.jpg\",\"contentUrl\":\"https:\/\/sill-lighting.com\/wp-content\/uploads\/2024\/11\/Teaser_Sill_Servicebereich.jpg\",\"width\":1920,\"height\":577},{\"@type\":\"BreadcrumbList\",\"@id\":\"https:\/\/sill-lighting.com\/en\/service\/#breadcrumb\",\"itemListElement\":[{\"@type\":\"ListItem\",\"position\":1,\"name\":\"Home\",\"item\":\"https:\/\/sill-lighting.com\/\"},{\"@type\":\"ListItem\",\"position\":2,\"name\":\"Downloads\"}]},{\"@type\":\"WebSite\",\"@id\":\"https:\/\/sill-lighting.com\/#website\",\"url\":\"https:\/\/sill-lighting.com\/\",\"name\":\"Sill Lighting\",\"description\":\"\",\"publisher\":{\"@id\":\"https:\/\/sill-lighting.com\/#organization\"},\"potentialAction\":[{\"@type\":\"SearchAction\",\"target\":{\"@type\":\"EntryPoint\",\"urlTemplate\":\"https:\/\/sill-lighting.com\/?s={search_term_string}\"},\"query-input\":{\"@type\":\"PropertyValueSpecification\",\"valueRequired\":true,\"valueName\":\"search_term_string\"}}],\"inLanguage\":\"en-GB\"},{\"@type\":\"Organization\",\"@id\":\"https:\/\/sill-lighting.com\/#organization\",\"name\":\"Sill Lighting\",\"url\":\"https:\/\/sill-lighting.com\/\",\"logo\":{\"@type\":\"ImageObject\",\"inLanguage\":\"en-GB\",\"@id\":\"https:\/\/sill-lighting.com\/#\/schema\/logo\/image\/\",\"url\":\"https:\/\/sill-lighting.com\/wp-content\/uploads\/2024\/11\/SILL-LOGO.svg\",\"contentUrl\":\"https:\/\/sill-lighting.com\/wp-content\/uploads\/2024\/11\/SILL-LOGO.svg\",\"caption\":\"Sill Lighting\"},\"image\":{\"@id\":\"https:\/\/sill-lighting.com\/#\/schema\/logo\/image\/\"}}]}<\/script>\n<!-- \/ Yoast SEO plugin. -->","yoast_head_json":{"title":"Download der Brosch\u00fcren | Sill Lighting","description":"Entdecken Sie hochwertige Designleuchten und innovative LED-L\u00f6sungen von SILL Lighting. Finden Sie ma\u00dfgeschneiderte Lichtl\u00f6sungen f\u00fcr verschiedene Anwendungen und inspirieren Sie sich von erstklassigen Beleuchtungskonzepten.","robots":{"index":"index","follow":"follow","max-snippet":"max-snippet:-1","max-image-preview":"max-image-preview:large","max-video-preview":"max-video-preview:-1"},"canonical":"https:\/\/sill-lighting.com\/en\/service\/","og_locale":"en_GB","og_type":"article","og_title":"Download der Brosch\u00fcren | Sill Lighting","og_description":"Entdecken Sie hochwertige Designleuchten und innovative LED-L\u00f6sungen von SILL Lighting. Finden Sie ma\u00dfgeschneiderte Lichtl\u00f6sungen f\u00fcr verschiedene Anwendungen und inspirieren Sie sich von erstklassigen Beleuchtungskonzepten.","og_url":"https:\/\/sill-lighting.com\/en\/service\/","og_site_name":"Sill Lighting","article_modified_time":"2025-03-06T11:43:30+00:00","og_image":[{"width":1920,"height":577,"url":"https:\/\/sill-lighting.com\/wp-content\/uploads\/2024\/11\/Teaser_Sill_Servicebereich.jpg","type":"image\/jpeg"}],"twitter_card":"summary_large_image","twitter_misc":{"Estimated reading time":"1 minute"},"schema":{"@context":"https:\/\/schema.org","@graph":[{"@type":"WebPage","@id":"https:\/\/sill-lighting.com\/en\/service\/","url":"https:\/\/sill-lighting.com\/en\/service\/","name":"Download der Brosch\u00fcren | Sill Lighting","isPartOf":{"@id":"https:\/\/sill-lighting.com\/#website"},"primaryImageOfPage":{"@id":"https:\/\/sill-lighting.com\/en\/service\/#primaryimage"},"image":{"@id":"https:\/\/sill-lighting.com\/en\/service\/#primaryimage"},"thumbnailUrl":"https:\/\/sill-lighting.com\/wp-content\/uploads\/2024\/11\/Teaser_Sill_Servicebereich.jpg","datePublished":"2024-11-28T00:58:16+00:00","dateModified":"2025-03-06T11:43:30+00:00","description":"Entdecken Sie hochwertige Designleuchten und innovative LED-L\u00f6sungen von SILL Lighting. Finden Sie ma\u00dfgeschneiderte Lichtl\u00f6sungen f\u00fcr verschiedene Anwendungen und inspirieren Sie sich von erstklassigen Beleuchtungskonzepten.","breadcrumb":{"@id":"https:\/\/sill-lighting.com\/en\/service\/#breadcrumb"},"inLanguage":"en-GB","potentialAction":[{"@type":"ReadAction","target":["https:\/\/sill-lighting.com\/en\/service\/"]}]},{"@type":"ImageObject","inLanguage":"en-GB","@id":"https:\/\/sill-lighting.com\/en\/service\/#primaryimage","url":"https:\/\/sill-lighting.com\/wp-content\/uploads\/2024\/11\/Teaser_Sill_Servicebereich.jpg","contentUrl":"https:\/\/sill-lighting.com\/wp-content\/uploads\/2024\/11\/Teaser_Sill_Servicebereich.jpg","width":1920,"height":577},{"@type":"BreadcrumbList","@id":"https:\/\/sill-lighting.com\/en\/service\/#breadcrumb","itemListElement":[{"@type":"ListItem","position":1,"name":"Home","item":"https:\/\/sill-lighting.com\/"},{"@type":"ListItem","position":2,"name":"Downloads"}]},{"@type":"WebSite","@id":"https:\/\/sill-lighting.com\/#website","url":"https:\/\/sill-lighting.com\/","name":"Sill Lighting","description":"","publisher":{"@id":"https:\/\/sill-lighting.com\/#organization"},"potentialAction":[{"@type":"SearchAction","target":{"@type":"EntryPoint","urlTemplate":"https:\/\/sill-lighting.com\/?s={search_term_string}"},"query-input":{"@type":"PropertyValueSpecification","valueRequired":true,"valueName":"search_term_string"}}],"inLanguage":"en-GB"},{"@type":"Organization","@id":"https:\/\/sill-lighting.com\/#organization","name":"Sill Lighting","url":"https:\/\/sill-lighting.com\/","logo":{"@type":"ImageObject","inLanguage":"en-GB","@id":"https:\/\/sill-lighting.com\/#\/schema\/logo\/image\/","url":"https:\/\/sill-lighting.com\/wp-content\/uploads\/2024\/11\/SILL-LOGO.svg","contentUrl":"https:\/\/sill-lighting.com\/wp-content\/uploads\/2024\/11\/SILL-LOGO.svg","caption":"Sill Lighting"},"image":{"@id":"https:\/\/sill-lighting.com\/#\/schema\/logo\/image\/"}}]}},"_links":{"self":[{"href":"https:\/\/sill-lighting.com\/en\/wp-json\/wp\/v2\/pages\/334","targetHints":{"allow":["GET"]}}],"collection":[{"href":"https:\/\/sill-lighting.com\/en\/wp-json\/wp\/v2\/pages"}],"about":[{"href":"https:\/\/sill-lighting.com\/en\/wp-json\/wp\/v2\/types\/page"}],"author":[{"embeddable":true,"href":"https:\/\/sill-lighting.com\/en\/wp-json\/wp\/v2\/users\/1"}],"replies":[{"embeddable":true,"href":"https:\/\/sill-lighting.com\/en\/wp-json\/wp\/v2\/comments?post=334"}],"version-history":[{"count":14,"href":"https:\/\/sill-lighting.com\/en\/wp-json\/wp\/v2\/pages\/334\/revisions"}],"predecessor-version":[{"id":934,"href":"https:\/\/sill-lighting.com\/en\/wp-json\/wp\/v2\/pages\/334\/revisions\/934"}],"wp:featuredmedia":[{"embeddable":true,"href":"https:\/\/sill-lighting.com\/en\/wp-json\/wp\/v2\/media\/336"}],"wp:attachment":[{"href":"https:\/\/sill-lighting.com\/en\/wp-json\/wp\/v2\/media?parent=334"}],"curies":[{"name":"wp","href":"https:\/\/api.w.org\/{rel}","templated":true}]}}