{"id":112,"date":"2024-11-27T21:26:25","date_gmt":"2024-11-27T20:26:25","guid":{"rendered":"https:\/\/melodicmaven-staging.epikx.fr\/?page_id=112"},"modified":"2025-07-09T08:27:54","modified_gmt":"2025-07-09T06:27:54","slug":"projekte","status":"publish","type":"page","link":"https:\/\/sill-lighting.com\/fr\/projets\/","title":{"rendered":"Projets"},"content":{"rendered":"","protected":false},"excerpt":{"rendered":"","protected":false},"author":1,"featured_media":487,"parent":0,"menu_order":0,"comment_status":"closed","ping_status":"closed","template":"","meta":{"_acf_changed":false,"footnotes":""},"class_list":["post-112","page","type-page","status-publish","has-post-thumbnail","hentry"],"acf":[],"yoast_head":"<!-- This site is optimized with the Yoast SEO plugin v24.9 - https:\/\/yoast.com\/wordpress\/plugins\/seo\/ -->\n<title>Projekte | Sill Lighting<\/title>\n<meta name=\"description\" content=\"Leuchten, Strahler und Fluter als Beleuchtung f\u00fcr den Innen- und Au\u00dfenraum. HOFFMEISTER bietet Lichtl\u00f6sungen im Bereich der Architektur- und Museumsbeleuchtung.\" \/>\n<meta name=\"robots\" content=\"index, follow, max-snippet:-1, max-image-preview:large, max-video-preview:-1\" \/>\n<link rel=\"canonical\" href=\"https:\/\/sill-lighting.com\/fr\/projets\/\" \/>\n<meta property=\"og:locale\" content=\"fr_FR\" \/>\n<meta property=\"og:type\" content=\"article\" \/>\n<meta property=\"og:title\" content=\"Projekte | Sill Lighting\" \/>\n<meta property=\"og:description\" content=\"Leuchten, Strahler und Fluter als Beleuchtung f\u00fcr den Innen- und Au\u00dfenraum. HOFFMEISTER bietet Lichtl\u00f6sungen im Bereich der Architektur- und Museumsbeleuchtung.\" \/>\n<meta property=\"og:url\" content=\"https:\/\/sill-lighting.com\/fr\/projets\/\" \/>\n<meta property=\"og:site_name\" content=\"Sill Lighting\" \/>\n<meta property=\"article:modified_time\" content=\"2025-07-09T06:27:54+00:00\" \/>\n<meta property=\"og:image\" content=\"https:\/\/sill-lighting.com\/wp-content\/uploads\/2024\/12\/Teaser_Sill_pages.jpg\" \/>\n\t<meta property=\"og:image:width\" content=\"2500\" \/>\n\t<meta property=\"og:image:height\" content=\"833\" \/>\n\t<meta property=\"og:image:type\" content=\"image\/jpeg\" \/>\n<meta name=\"twitter:card\" content=\"summary_large_image\" \/>\n<meta name=\"twitter:label1\" content=\"Dur\u00e9e de lecture estim\u00e9e\" \/>\n\t<meta name=\"twitter:data1\" content=\"1 minute\" \/>\n<script type=\"application\/ld+json\" class=\"yoast-schema-graph\">{\"@context\":\"https:\/\/schema.org\",\"@graph\":[{\"@type\":\"WebPage\",\"@id\":\"https:\/\/sill-lighting.com\/projekte\/\",\"url\":\"https:\/\/sill-lighting.com\/projekte\/\",\"name\":\"Projekte | Sill Lighting\",\"isPartOf\":{\"@id\":\"https:\/\/sill-lighting.com\/#website\"},\"primaryImageOfPage\":{\"@id\":\"https:\/\/sill-lighting.com\/projekte\/#primaryimage\"},\"image\":{\"@id\":\"https:\/\/sill-lighting.com\/projekte\/#primaryimage\"},\"thumbnailUrl\":\"https:\/\/sill-lighting.com\/wp-content\/uploads\/2024\/12\/Teaser_Sill_pages.jpg\",\"datePublished\":\"2024-11-27T20:26:25+00:00\",\"dateModified\":\"2025-07-09T06:27:54+00:00\",\"description\":\"Leuchten, Strahler und Fluter als Beleuchtung f\u00fcr den Innen- und Au\u00dfenraum. HOFFMEISTER bietet Lichtl\u00f6sungen im Bereich der Architektur- und Museumsbeleuchtung.\",\"breadcrumb\":{\"@id\":\"https:\/\/sill-lighting.com\/projekte\/#breadcrumb\"},\"inLanguage\":\"fr-FR\",\"potentialAction\":[{\"@type\":\"ReadAction\",\"target\":[\"https:\/\/sill-lighting.com\/projekte\/\"]}]},{\"@type\":\"ImageObject\",\"inLanguage\":\"fr-FR\",\"@id\":\"https:\/\/sill-lighting.com\/projekte\/#primaryimage\",\"url\":\"https:\/\/sill-lighting.com\/wp-content\/uploads\/2024\/12\/Teaser_Sill_pages.jpg\",\"contentUrl\":\"https:\/\/sill-lighting.com\/wp-content\/uploads\/2024\/12\/Teaser_Sill_pages.jpg\",\"width\":2500,\"height\":833},{\"@type\":\"BreadcrumbList\",\"@id\":\"https:\/\/sill-lighting.com\/projekte\/#breadcrumb\",\"itemListElement\":[{\"@type\":\"ListItem\",\"position\":1,\"name\":\"Home\",\"item\":\"https:\/\/sill-lighting.com\/\"},{\"@type\":\"ListItem\",\"position\":2,\"name\":\"Projekte\"}]},{\"@type\":\"WebSite\",\"@id\":\"https:\/\/sill-lighting.com\/#website\",\"url\":\"https:\/\/sill-lighting.com\/\",\"name\":\"Sill Lighting\",\"description\":\"\",\"publisher\":{\"@id\":\"https:\/\/sill-lighting.com\/#organization\"},\"potentialAction\":[{\"@type\":\"SearchAction\",\"target\":{\"@type\":\"EntryPoint\",\"urlTemplate\":\"https:\/\/sill-lighting.com\/?s={search_term_string}\"},\"query-input\":{\"@type\":\"PropertyValueSpecification\",\"valueRequired\":true,\"valueName\":\"search_term_string\"}}],\"inLanguage\":\"fr-FR\"},{\"@type\":\"Organization\",\"@id\":\"https:\/\/sill-lighting.com\/#organization\",\"name\":\"Sill Lighting\",\"url\":\"https:\/\/sill-lighting.com\/\",\"logo\":{\"@type\":\"ImageObject\",\"inLanguage\":\"fr-FR\",\"@id\":\"https:\/\/sill-lighting.com\/#\/schema\/logo\/image\/\",\"url\":\"https:\/\/sill-lighting.com\/wp-content\/uploads\/2024\/11\/SILL-LOGO.svg\",\"contentUrl\":\"https:\/\/sill-lighting.com\/wp-content\/uploads\/2024\/11\/SILL-LOGO.svg\",\"caption\":\"Sill Lighting\"},\"image\":{\"@id\":\"https:\/\/sill-lighting.com\/#\/schema\/logo\/image\/\"}}]}<\/script>\n<!-- \/ Yoast SEO plugin. -->","yoast_head_json":{"title":"Projekte | Sill Lighting","description":"Leuchten, Strahler und Fluter als Beleuchtung f\u00fcr den Innen- und Au\u00dfenraum. HOFFMEISTER bietet Lichtl\u00f6sungen im Bereich der Architektur- und Museumsbeleuchtung.","robots":{"index":"index","follow":"follow","max-snippet":"max-snippet:-1","max-image-preview":"max-image-preview:large","max-video-preview":"max-video-preview:-1"},"canonical":"https:\/\/sill-lighting.com\/fr\/projets\/","og_locale":"fr_FR","og_type":"article","og_title":"Projekte | Sill Lighting","og_description":"Leuchten, Strahler und Fluter als Beleuchtung f\u00fcr den Innen- und Au\u00dfenraum. HOFFMEISTER bietet Lichtl\u00f6sungen im Bereich der Architektur- und Museumsbeleuchtung.","og_url":"https:\/\/sill-lighting.com\/fr\/projets\/","og_site_name":"Sill Lighting","article_modified_time":"2025-07-09T06:27:54+00:00","og_image":[{"width":2500,"height":833,"url":"https:\/\/sill-lighting.com\/wp-content\/uploads\/2024\/12\/Teaser_Sill_pages.jpg","type":"image\/jpeg"}],"twitter_card":"summary_large_image","twitter_misc":{"Dur\u00e9e de lecture estim\u00e9e":"1 minute"},"schema":{"@context":"https:\/\/schema.org","@graph":[{"@type":"WebPage","@id":"https:\/\/sill-lighting.com\/projekte\/","url":"https:\/\/sill-lighting.com\/projekte\/","name":"Projekte | Sill Lighting","isPartOf":{"@id":"https:\/\/sill-lighting.com\/#website"},"primaryImageOfPage":{"@id":"https:\/\/sill-lighting.com\/projekte\/#primaryimage"},"image":{"@id":"https:\/\/sill-lighting.com\/projekte\/#primaryimage"},"thumbnailUrl":"https:\/\/sill-lighting.com\/wp-content\/uploads\/2024\/12\/Teaser_Sill_pages.jpg","datePublished":"2024-11-27T20:26:25+00:00","dateModified":"2025-07-09T06:27:54+00:00","description":"Leuchten, Strahler und Fluter als Beleuchtung f\u00fcr den Innen- und Au\u00dfenraum. HOFFMEISTER bietet Lichtl\u00f6sungen im Bereich der Architektur- und Museumsbeleuchtung.","breadcrumb":{"@id":"https:\/\/sill-lighting.com\/projekte\/#breadcrumb"},"inLanguage":"fr-FR","potentialAction":[{"@type":"ReadAction","target":["https:\/\/sill-lighting.com\/projekte\/"]}]},{"@type":"ImageObject","inLanguage":"fr-FR","@id":"https:\/\/sill-lighting.com\/projekte\/#primaryimage","url":"https:\/\/sill-lighting.com\/wp-content\/uploads\/2024\/12\/Teaser_Sill_pages.jpg","contentUrl":"https:\/\/sill-lighting.com\/wp-content\/uploads\/2024\/12\/Teaser_Sill_pages.jpg","width":2500,"height":833},{"@type":"BreadcrumbList","@id":"https:\/\/sill-lighting.com\/projekte\/#breadcrumb","itemListElement":[{"@type":"ListItem","position":1,"name":"Home","item":"https:\/\/sill-lighting.com\/"},{"@type":"ListItem","position":2,"name":"Projekte"}]},{"@type":"WebSite","@id":"https:\/\/sill-lighting.com\/#website","url":"https:\/\/sill-lighting.com\/","name":"Sill Lighting","description":"","publisher":{"@id":"https:\/\/sill-lighting.com\/#organization"},"potentialAction":[{"@type":"SearchAction","target":{"@type":"EntryPoint","urlTemplate":"https:\/\/sill-lighting.com\/?s={search_term_string}"},"query-input":{"@type":"PropertyValueSpecification","valueRequired":true,"valueName":"search_term_string"}}],"inLanguage":"fr-FR"},{"@type":"Organization","@id":"https:\/\/sill-lighting.com\/#organization","name":"Sill Lighting","url":"https:\/\/sill-lighting.com\/","logo":{"@type":"ImageObject","inLanguage":"fr-FR","@id":"https:\/\/sill-lighting.com\/#\/schema\/logo\/image\/","url":"https:\/\/sill-lighting.com\/wp-content\/uploads\/2024\/11\/SILL-LOGO.svg","contentUrl":"https:\/\/sill-lighting.com\/wp-content\/uploads\/2024\/11\/SILL-LOGO.svg","caption":"Sill Lighting"},"image":{"@id":"https:\/\/sill-lighting.com\/#\/schema\/logo\/image\/"}}]}},"_links":{"self":[{"href":"https:\/\/sill-lighting.com\/fr\/wp-json\/wp\/v2\/pages\/112","targetHints":{"allow":["GET"]}}],"collection":[{"href":"https:\/\/sill-lighting.com\/fr\/wp-json\/wp\/v2\/pages"}],"about":[{"href":"https:\/\/sill-lighting.com\/fr\/wp-json\/wp\/v2\/types\/page"}],"author":[{"embeddable":true,"href":"https:\/\/sill-lighting.com\/fr\/wp-json\/wp\/v2\/users\/1"}],"replies":[{"embeddable":true,"href":"https:\/\/sill-lighting.com\/fr\/wp-json\/wp\/v2\/comments?post=112"}],"version-history":[{"count":21,"href":"https:\/\/sill-lighting.com\/fr\/wp-json\/wp\/v2\/pages\/112\/revisions"}],"predecessor-version":[{"id":1398,"href":"https:\/\/sill-lighting.com\/fr\/wp-json\/wp\/v2\/pages\/112\/revisions\/1398"}],"wp:featuredmedia":[{"embeddable":true,"href":"https:\/\/sill-lighting.com\/fr\/wp-json\/wp\/v2\/media\/487"}],"wp:attachment":[{"href":"https:\/\/sill-lighting.com\/fr\/wp-json\/wp\/v2\/media?parent=112"}],"curies":[{"name":"wp","href":"https:\/\/api.w.org\/{rel}","templated":true}]}}