{"id":530,"date":"2024-12-04T10:16:07","date_gmt":"2024-12-04T09:16:07","guid":{"rendered":"https:\/\/melodicmaven-staging.epikx.fr\/?page_id=530"},"modified":"2024-12-12T17:42:36","modified_gmt":"2024-12-12T16:42:36","slug":"impressum","status":"publish","type":"page","link":"https:\/\/sill-lighting.com\/fr\/mentions-legales\/","title":{"rendered":"Mentions l\u00e9gales"},"content":{"rendered":"<h2 class=\"wp-block-heading\">Mentions l\u00e9gales et informations juridiques<\/h2>\n\n\n\n<div style=\"height:25px\" aria-hidden=\"true\" class=\"wp-block-spacer\"><\/div>\n\n\n\n<h2 class=\"wp-block-heading\">Informations sur le fabricant<\/h2>\n\n\n\n<p>Tous les produits SILL sont fabriqu\u00e9s par Hoffmeister GmbH.<br>Contact e-mail : mail@hoffmeister.de<br><\/p>\n\n\n\n<h2 class=\"wp-block-heading\">Responsabilit\u00e9 juridique<\/h2>\n\n\n\n<p>La responsabilit\u00e9 juridique pour le contenu de ce site web incombe \u00e0 la<br>Hoffmeister GmbH<br>Gewerbering 28-30<br>58579 Schalksm\u00fchle<br>Allemagne<br>E-mail de contact : mail@hoffmeister.de<br><\/p>\n\n\n\n<h2 class=\"wp-block-heading\">D\u00e9l\u00e9gu\u00e9 \u00e0 la protection des donn\u00e9es (DPD)<\/h2>\n\n\n\n<p>Pour toute demande relative au r\u00e8glement g\u00e9n\u00e9ral sur la protection des donn\u00e9es (GDPR), veuillez contacter<br>Hoffmeister GmbH<br>Gewerbering 28-30<br>58579 Schalksm\u00fchle<br>Allemagne<br>E-mail de contact : mail@hoffmeister.de<br><\/p>\n\n\n\n<h2 class=\"wp-block-heading\">Informations sur les propri\u00e9taires<\/h2>\n\n\n\n<p>SILL est une marque de MCSMBS Holding.<\/p>\n\n\n\n<p><\/p>","protected":false},"excerpt":{"rendered":"<p>Mentions l\u00e9gales et informations juridiques Informations sur le fabricant Tous les produits SILL sont fabriqu\u00e9s par Hoffmeister GmbH.Contact E-mail : mail@hoffmeister.de Responsabilit\u00e9 juridique La responsabilit\u00e9 juridique du contenu de ce site Internet incombe \u00e0Hoffmeister GmbHGewerbering 28-3058579 Schalksm\u00fchleAllemagneE-mail de contact : mail@hoffmeister.de D\u00e9l\u00e9gu\u00e9 \u00e0 la protection des donn\u00e9es (DPD) Pour toute demande en rapport avec le R\u00e8glement g\u00e9n\u00e9ral sur la protection des donn\u00e9es (GDPR), veuillez vous adresser \u00e0:Hoffmeister GmbHGewerbering 28-3058579 Schalksm\u00fchleAllemagneE-mail de contact : mail@hoffmeister.de [...].<\/p>","protected":false},"author":1,"featured_media":487,"parent":0,"menu_order":0,"comment_status":"closed","ping_status":"closed","template":"","meta":{"_acf_changed":false,"footnotes":""},"class_list":["post-530","page","type-page","status-publish","has-post-thumbnail","hentry"],"acf":[],"yoast_head":"<!-- This site is optimized with the Yoast SEO plugin v24.9 - https:\/\/yoast.com\/wordpress\/plugins\/seo\/ -->\n<title>Impressum | Sill Lighting<\/title>\n<meta name=\"robots\" content=\"index, follow, max-snippet:-1, max-image-preview:large, max-video-preview:-1\" \/>\n<link rel=\"canonical\" href=\"https:\/\/sill-lighting.com\/fr\/mentions-legales\/\" \/>\n<meta property=\"og:locale\" content=\"fr_FR\" \/>\n<meta property=\"og:type\" content=\"article\" \/>\n<meta property=\"og:title\" content=\"Impressum | Sill Lighting\" \/>\n<meta property=\"og:description\" content=\"Impressum und rechtliche Hinweise Informationen zum Hersteller Alle SILL-Produkte werden von der Hoffmeister GmbH hergestellt.Kontakt E-Mail: mail@hoffmeister.de Rechtliche Verantwortung Die rechtliche Verantwortung f\u00fcr den Inhalt dieser Website liegt bei derHoffmeister GmbHGewerbering 28-3058579 Schalksm\u00fchleDeutschlandKontakt-E-Mail: mail@hoffmeister.de Datenschutzbeauftragter (DSB) F\u00fcr alle Anfragen im Zusammenhang mit der Allgemeinen Datenschutzverordnung (GDPR) wenden Sie sich bitte an:Hoffmeister GmbHGewerbering 28-3058579 Schalksm\u00fchleDeutschlandKontakt-E-Mail: mail@hoffmeister.de [&hellip;]\" \/>\n<meta property=\"og:url\" content=\"https:\/\/sill-lighting.com\/fr\/mentions-legales\/\" \/>\n<meta property=\"og:site_name\" content=\"Sill Lighting\" \/>\n<meta property=\"article:modified_time\" content=\"2024-12-12T16:42:36+00:00\" \/>\n<meta property=\"og:image\" content=\"https:\/\/sill-lighting.com\/wp-content\/uploads\/2024\/12\/Teaser_Sill_pages.jpg\" \/>\n\t<meta property=\"og:image:width\" content=\"2500\" \/>\n\t<meta property=\"og:image:height\" content=\"833\" \/>\n\t<meta property=\"og:image:type\" content=\"image\/jpeg\" \/>\n<meta name=\"twitter:card\" content=\"summary_large_image\" \/>\n<meta name=\"twitter:label1\" content=\"Dur\u00e9e de lecture estim\u00e9e\" \/>\n\t<meta name=\"twitter:data1\" content=\"1 minute\" \/>\n<script type=\"application\/ld+json\" class=\"yoast-schema-graph\">{\"@context\":\"https:\/\/schema.org\",\"@graph\":[{\"@type\":\"WebPage\",\"@id\":\"https:\/\/sill-lighting.com\/impressum\/\",\"url\":\"https:\/\/sill-lighting.com\/impressum\/\",\"name\":\"Impressum | Sill Lighting\",\"isPartOf\":{\"@id\":\"https:\/\/sill-lighting.com\/#website\"},\"primaryImageOfPage\":{\"@id\":\"https:\/\/sill-lighting.com\/impressum\/#primaryimage\"},\"image\":{\"@id\":\"https:\/\/sill-lighting.com\/impressum\/#primaryimage\"},\"thumbnailUrl\":\"https:\/\/sill-lighting.com\/wp-content\/uploads\/2024\/12\/Teaser_Sill_pages.jpg\",\"datePublished\":\"2024-12-04T09:16:07+00:00\",\"dateModified\":\"2024-12-12T16:42:36+00:00\",\"breadcrumb\":{\"@id\":\"https:\/\/sill-lighting.com\/impressum\/#breadcrumb\"},\"inLanguage\":\"fr-FR\",\"potentialAction\":[{\"@type\":\"ReadAction\",\"target\":[\"https:\/\/sill-lighting.com\/impressum\/\"]}]},{\"@type\":\"ImageObject\",\"inLanguage\":\"fr-FR\",\"@id\":\"https:\/\/sill-lighting.com\/impressum\/#primaryimage\",\"url\":\"https:\/\/sill-lighting.com\/wp-content\/uploads\/2024\/12\/Teaser_Sill_pages.jpg\",\"contentUrl\":\"https:\/\/sill-lighting.com\/wp-content\/uploads\/2024\/12\/Teaser_Sill_pages.jpg\",\"width\":2500,\"height\":833},{\"@type\":\"BreadcrumbList\",\"@id\":\"https:\/\/sill-lighting.com\/impressum\/#breadcrumb\",\"itemListElement\":[{\"@type\":\"ListItem\",\"position\":1,\"name\":\"Home\",\"item\":\"https:\/\/sill-lighting.com\/\"},{\"@type\":\"ListItem\",\"position\":2,\"name\":\"Impressum\"}]},{\"@type\":\"WebSite\",\"@id\":\"https:\/\/sill-lighting.com\/#website\",\"url\":\"https:\/\/sill-lighting.com\/\",\"name\":\"Sill Lighting\",\"description\":\"\",\"publisher\":{\"@id\":\"https:\/\/sill-lighting.com\/#organization\"},\"potentialAction\":[{\"@type\":\"SearchAction\",\"target\":{\"@type\":\"EntryPoint\",\"urlTemplate\":\"https:\/\/sill-lighting.com\/?s={search_term_string}\"},\"query-input\":{\"@type\":\"PropertyValueSpecification\",\"valueRequired\":true,\"valueName\":\"search_term_string\"}}],\"inLanguage\":\"fr-FR\"},{\"@type\":\"Organization\",\"@id\":\"https:\/\/sill-lighting.com\/#organization\",\"name\":\"Sill Lighting\",\"url\":\"https:\/\/sill-lighting.com\/\",\"logo\":{\"@type\":\"ImageObject\",\"inLanguage\":\"fr-FR\",\"@id\":\"https:\/\/sill-lighting.com\/#\/schema\/logo\/image\/\",\"url\":\"https:\/\/sill-lighting.com\/wp-content\/uploads\/2024\/11\/SILL-LOGO.svg\",\"contentUrl\":\"https:\/\/sill-lighting.com\/wp-content\/uploads\/2024\/11\/SILL-LOGO.svg\",\"caption\":\"Sill Lighting\"},\"image\":{\"@id\":\"https:\/\/sill-lighting.com\/#\/schema\/logo\/image\/\"}}]}<\/script>\n<!-- \/ Yoast SEO plugin. -->","yoast_head_json":{"title":"Impressum | Sill Lighting","robots":{"index":"index","follow":"follow","max-snippet":"max-snippet:-1","max-image-preview":"max-image-preview:large","max-video-preview":"max-video-preview:-1"},"canonical":"https:\/\/sill-lighting.com\/fr\/mentions-legales\/","og_locale":"fr_FR","og_type":"article","og_title":"Impressum | Sill Lighting","og_description":"Impressum und rechtliche Hinweise Informationen zum Hersteller Alle SILL-Produkte werden von der Hoffmeister GmbH hergestellt.Kontakt E-Mail: mail@hoffmeister.de Rechtliche Verantwortung Die rechtliche Verantwortung f\u00fcr den Inhalt dieser Website liegt bei derHoffmeister GmbHGewerbering 28-3058579 Schalksm\u00fchleDeutschlandKontakt-E-Mail: mail@hoffmeister.de Datenschutzbeauftragter (DSB) F\u00fcr alle Anfragen im Zusammenhang mit der Allgemeinen Datenschutzverordnung (GDPR) wenden Sie sich bitte an:Hoffmeister GmbHGewerbering 28-3058579 Schalksm\u00fchleDeutschlandKontakt-E-Mail: mail@hoffmeister.de [&hellip;]","og_url":"https:\/\/sill-lighting.com\/fr\/mentions-legales\/","og_site_name":"Sill Lighting","article_modified_time":"2024-12-12T16:42:36+00:00","og_image":[{"width":2500,"height":833,"url":"https:\/\/sill-lighting.com\/wp-content\/uploads\/2024\/12\/Teaser_Sill_pages.jpg","type":"image\/jpeg"}],"twitter_card":"summary_large_image","twitter_misc":{"Dur\u00e9e de lecture estim\u00e9e":"1 minute"},"schema":{"@context":"https:\/\/schema.org","@graph":[{"@type":"WebPage","@id":"https:\/\/sill-lighting.com\/impressum\/","url":"https:\/\/sill-lighting.com\/impressum\/","name":"Impressum | Sill Lighting","isPartOf":{"@id":"https:\/\/sill-lighting.com\/#website"},"primaryImageOfPage":{"@id":"https:\/\/sill-lighting.com\/impressum\/#primaryimage"},"image":{"@id":"https:\/\/sill-lighting.com\/impressum\/#primaryimage"},"thumbnailUrl":"https:\/\/sill-lighting.com\/wp-content\/uploads\/2024\/12\/Teaser_Sill_pages.jpg","datePublished":"2024-12-04T09:16:07+00:00","dateModified":"2024-12-12T16:42:36+00:00","breadcrumb":{"@id":"https:\/\/sill-lighting.com\/impressum\/#breadcrumb"},"inLanguage":"fr-FR","potentialAction":[{"@type":"ReadAction","target":["https:\/\/sill-lighting.com\/impressum\/"]}]},{"@type":"ImageObject","inLanguage":"fr-FR","@id":"https:\/\/sill-lighting.com\/impressum\/#primaryimage","url":"https:\/\/sill-lighting.com\/wp-content\/uploads\/2024\/12\/Teaser_Sill_pages.jpg","contentUrl":"https:\/\/sill-lighting.com\/wp-content\/uploads\/2024\/12\/Teaser_Sill_pages.jpg","width":2500,"height":833},{"@type":"BreadcrumbList","@id":"https:\/\/sill-lighting.com\/impressum\/#breadcrumb","itemListElement":[{"@type":"ListItem","position":1,"name":"Home","item":"https:\/\/sill-lighting.com\/"},{"@type":"ListItem","position":2,"name":"Impressum"}]},{"@type":"WebSite","@id":"https:\/\/sill-lighting.com\/#website","url":"https:\/\/sill-lighting.com\/","name":"Sill Lighting","description":"","publisher":{"@id":"https:\/\/sill-lighting.com\/#organization"},"potentialAction":[{"@type":"SearchAction","target":{"@type":"EntryPoint","urlTemplate":"https:\/\/sill-lighting.com\/?s={search_term_string}"},"query-input":{"@type":"PropertyValueSpecification","valueRequired":true,"valueName":"search_term_string"}}],"inLanguage":"fr-FR"},{"@type":"Organization","@id":"https:\/\/sill-lighting.com\/#organization","name":"Sill Lighting","url":"https:\/\/sill-lighting.com\/","logo":{"@type":"ImageObject","inLanguage":"fr-FR","@id":"https:\/\/sill-lighting.com\/#\/schema\/logo\/image\/","url":"https:\/\/sill-lighting.com\/wp-content\/uploads\/2024\/11\/SILL-LOGO.svg","contentUrl":"https:\/\/sill-lighting.com\/wp-content\/uploads\/2024\/11\/SILL-LOGO.svg","caption":"Sill Lighting"},"image":{"@id":"https:\/\/sill-lighting.com\/#\/schema\/logo\/image\/"}}]}},"_links":{"self":[{"href":"https:\/\/sill-lighting.com\/fr\/wp-json\/wp\/v2\/pages\/530","targetHints":{"allow":["GET"]}}],"collection":[{"href":"https:\/\/sill-lighting.com\/fr\/wp-json\/wp\/v2\/pages"}],"about":[{"href":"https:\/\/sill-lighting.com\/fr\/wp-json\/wp\/v2\/types\/page"}],"author":[{"embeddable":true,"href":"https:\/\/sill-lighting.com\/fr\/wp-json\/wp\/v2\/users\/1"}],"replies":[{"embeddable":true,"href":"https:\/\/sill-lighting.com\/fr\/wp-json\/wp\/v2\/comments?post=530"}],"version-history":[{"count":5,"href":"https:\/\/sill-lighting.com\/fr\/wp-json\/wp\/v2\/pages\/530\/revisions"}],"predecessor-version":[{"id":877,"href":"https:\/\/sill-lighting.com\/fr\/wp-json\/wp\/v2\/pages\/530\/revisions\/877"}],"wp:featuredmedia":[{"embeddable":true,"href":"https:\/\/sill-lighting.com\/fr\/wp-json\/wp\/v2\/media\/487"}],"wp:attachment":[{"href":"https:\/\/sill-lighting.com\/fr\/wp-json\/wp\/v2\/media?parent=530"}],"curies":[{"name":"wp","href":"https:\/\/api.w.org\/{rel}","templated":true}]}}